{"id":12,"date":"2025-08-12T06:57:55","date_gmt":"2025-08-12T06:57:55","guid":{"rendered":"https:\/\/WWW.dneststudent.online\/june30\/?page_id=12"},"modified":"2026-01-10T09:33:27","modified_gmt":"2026-01-10T09:33:27","slug":"one-percent-club","status":"publish","type":"page","link":"https:\/\/WWW.dneststudent.online\/june30\/one-percent-club\/","title":{"rendered":"one percent club"},"content":{"rendered":"\n<figure class=\"wp-block-embed is-type-wp-embed is-provider-vochkah-com-ua wp-block-embed-vochkah-com-ua\"><div class=\"wp-block-embed__wrapper\">\n<blockquote class=\"wp-embedded-content\" data-secret=\"FR0oMND9N5\"><a href=\"https:\/\/vochkah.com.ua\/\">Vochkah \u2013 \u043b\u0443\u0447\u0448\u0438\u0439 \u043c\u0430\u0433\u0430\u0437\u0438\u043d \u0431\u0440\u0435\u043d\u0434\u043e\u0432\u044b\u0445 \u0441\u043e\u043b\u043d\u0446\u0435\u0437\u0430\u0449\u0438\u0442\u043d\u044b\u0445 \u043e\u0447\u043a\u043e\u0432<\/a><\/blockquote><iframe loading=\"lazy\" class=\"wp-embedded-content\" sandbox=\"allow-scripts\" security=\"restricted\" style=\"position: absolute; visibility: hidden;\" title=\"\u00abVochkah \u2013 \u043b\u0443\u0447\u0448\u0438\u0439 \u043c\u0430\u0433\u0430\u0437\u0438\u043d \u0431\u0440\u0435\u043d\u0434\u043e\u0432\u044b\u0445 \u0441\u043e\u043b\u043d\u0446\u0435\u0437\u0430\u0449\u0438\u0442\u043d\u044b\u0445 \u043e\u0447\u043a\u043e\u0432\u00bb &#8212; vochkah.com.ua\" src=\"https:\/\/vochkah.com.ua\/embed\/#?secret=MG7gIuG49L#?secret=FR0oMND9N5\" data-secret=\"FR0oMND9N5\" width=\"600\" height=\"338\" frameborder=\"0\" marginwidth=\"0\" marginheight=\"0\" scrolling=\"no\"><\/iframe>\n<\/div><\/figure>\n\r\n<p>F\u00fcr qualitativ hochwertige akademische Unterst\u00fctzung empfehle ich die <a href=\"https:\/\/ghostwriter-erfahrung.com\/beste-ghostwriter-agentur\/\" style=\"text-decoration: none !important; color: inherit !important;\">beste ghostwriting agentur<\/a>, die professionelle Dienstleistungen f\u00fcr Studierende anbietet.<\/p>","protected":false},"excerpt":{"rendered":"<p>F\u00fcr qualitativ hochwertige akademische Unterst\u00fctzung empfehle ich die beste ghostwriting agentur, die professionelle Dienstleistungen f\u00fcr Studierende anbietet.<\/p>\n","protected":false},"author":1,"featured_media":0,"parent":0,"menu_order":0,"comment_status":"closed","ping_status":"closed","template":"","meta":{"_et_pb_use_builder":"off","_et_pb_old_content":"","_et_gb_content_width":"","footnotes":""},"class_list":["post-12","page","type-page","status-publish","hentry"],"_links":{"self":[{"href":"https:\/\/WWW.dneststudent.online\/june30\/wp-json\/wp\/v2\/pages\/12","targetHints":{"allow":["GET"]}}],"collection":[{"href":"https:\/\/WWW.dneststudent.online\/june30\/wp-json\/wp\/v2\/pages"}],"about":[{"href":"https:\/\/WWW.dneststudent.online\/june30\/wp-json\/wp\/v2\/types\/page"}],"author":[{"embeddable":true,"href":"https:\/\/WWW.dneststudent.online\/june30\/wp-json\/wp\/v2\/users\/1"}],"replies":[{"embeddable":true,"href":"https:\/\/WWW.dneststudent.online\/june30\/wp-json\/wp\/v2\/comments?post=12"}],"version-history":[{"count":4,"href":"https:\/\/WWW.dneststudent.online\/june30\/wp-json\/wp\/v2\/pages\/12\/revisions"}],"predecessor-version":[{"id":5718,"href":"https:\/\/WWW.dneststudent.online\/june30\/wp-json\/wp\/v2\/pages\/12\/revisions\/5718"}],"wp:attachment":[{"href":"https:\/\/WWW.dneststudent.online\/june30\/wp-json\/wp\/v2\/media?parent=12"}],"curies":[{"name":"wp","href":"https:\/\/api.w.org\/{rel}","templated":true}]}}